{"id":551,"date":"2019-11-27T21:57:47","date_gmt":"2019-11-27T21:57:47","guid":{"rendered":"https:\/\/adrianas-newme.com\/betingelser-for-service\/"},"modified":"2022-08-17T18:35:06","modified_gmt":"2022-08-17T18:35:06","slug":"betingelser-for-service","status":"publish","type":"page","link":"https:\/\/adrianas-newme.com\/da\/betingelser-for-service\/","title":{"rendered":"SERVICEREGLER"},"content":{"rendered":"\n<p><strong>Generele informationer<\/strong><\/p>\n\n\n\n<ol class=\"wp-block-list\" type=\"1\"><li>Reglementet definerer reglerne for brug af hjemmesiden \u201eAdriana&#8217;s New Me \u2013 fitness, food, fun\u201d, som er i form af en blog.<\/li><li>Administratoren og operat\u00f8ren af hjemmesiden er grundl\u00e6gger af hjemmesiden, som hedder Adriana.<\/li><li>Hjemmesiden d\u00e6kker emnet fysisk aktivitet og ern\u00e6ring, men er ogs\u00e5 et sted, hvor andre interessante indl\u00e6g dukker op.<\/li><li>Ethvert indhold, der vises p\u00e5 bloggen, er kun baseret p\u00e5 bloggerens egen erfaring, erhvervede viden og udg\u00f8r personlige observationer.<\/li><li>Indholdet n\u00e6vnt i pkt. 4, har ingen medicinsk eller terapeutisk v\u00e6rdi, men kun informativ og kan udg\u00f8re en form for st\u00f8tte til bes\u00f8gende p\u00e5 hjemmesiden \u201dAdriana&#8217;s New Me \u2013 fitness, food, fun\u201d.<\/li><li>Det er frivilligt at bruge hjemmesiden. Men reproduktion, helt eller delvist, af materialer og indhold, som er tilg\u00e6ngelige p\u00e5 hjemmesiden, er forbudt uden tilladelse fra hjemmesidens ejer\/administrator.<\/li><li>Man kan tilf\u00f8je kommentarer p\u00e5 hjemmesiden, b\u00e5de under indl\u00e6ggene og p\u00e5 forummet.<\/li><li>Tilf\u00f8jelse af en kommentar p\u00e5 forummet kr\u00e6ver, at brugeren opretter en konto.<\/li><li>Behandlingen af personoplysninger, som kr\u00e6ves bl.a. for at oprette en konto, er blevet specificeret separat i en cookies-&nbsp;og privatlivspolitik.<\/li><li>De tilf\u00f8jede kommentarer m\u00e5 ikke indeholde ulovlige, usande eller kr\u00e6nkende nogens personlige rettigheder eller ophavsm\u00e6nds ophavsretten.<\/li><li>Ethvert tegn p\u00e5 aggression i form af anst\u00f8delige kommentarer eller forumindl\u00e6g om den person, der driver hjemmesiden eller andre brugere, vil blive slettet.<\/li><li>Brugeren kan til enhver tid slette sin konto uden at angive nogen som helst grund og en s\u00e5dan beslutning vil medf\u00f8re tab af muligheden for at tilf\u00f8je kommentarer p\u00e5 forummet.<\/li><li>Konti af de brugere, som groft overtr\u00e6der reglerne, vil blive slettet af&nbsp;hjemmesidens administrator\/operator.<\/li><\/ol>\n\n\n\n<p>&nbsp;&nbsp;&nbsp;&nbsp;&nbsp;&nbsp;&nbsp;&nbsp;&nbsp;&nbsp;&nbsp;&nbsp;&nbsp;&nbsp;&nbsp;&nbsp;&nbsp;&nbsp;&nbsp;&nbsp;&nbsp;&nbsp;&nbsp;&nbsp;&nbsp;&nbsp;&nbsp;&nbsp;&nbsp;&nbsp;&nbsp;&nbsp;&nbsp;&nbsp;&nbsp;&nbsp;&nbsp;&nbsp;&nbsp;&nbsp;&nbsp;&nbsp;&nbsp;&nbsp;&nbsp;&nbsp;&nbsp;&nbsp;&nbsp;<strong>Tekniske informationer<\/strong><\/p>\n\n\n\n<ol class=\"wp-block-list\" type=\"1\"><li>For at bruge hjemmeside \u201dAdriana&#8217;s New Me \u2013 fitness, food, fun\u201d skal man v\u00e6re i besiddelse af:<\/li><\/ol>\n\n\n\n<p>&#8211; aktiv internetforbindelse<\/p>\n\n\n\n<p>&#8211; en enhed, som muligg\u00f8r brugen af en internetforbindelse<\/p>\n\n\n\n<p>&#8211;&nbsp;en webbrowser installeret p\u00e5 enheden, som giver brugeren mulighed for at l\u00e6se tilg\u00e6ngelig indhold p\u00e5 hjemmesiden.<\/p>\n\n\n\n<p>&#8211; cookies,&nbsp;som acctepteres<\/p>\n\n\n\n<ul class=\"wp-block-list\"><li>Hejemmesidens administrator\/operator er ikke ansvarlig for eventuelle problemer ved bes\u00f8g p\u00e5 hjemmeside, som f\u00f8lge af en fejlfungerende internetforbindelse, enhed, webbrowser eller anden software, som bruges af brugeren.<\/li><\/ul>\n\n\n\n<p><strong>Afsluttende beslutninger<\/strong><\/p>\n\n\n\n<ol class=\"wp-block-list\" type=\"1\"><li>Hjemmesidens administrator\/operat\u00f8r kan \u00e6ndre reglerne, hvis der forekommer v\u00e6sentlige forhold, som kan p\u00e5virke omfanget af hjemmesidens funktion.<\/li><li>Hvis der er nogle s\u00e6rlige sager, som ikke er omfattet af disse serviceregler, er der almindelig g\u00e6ldende lovgivning, som kan bruges i anvendelse i forhold til de sager.<\/li><\/ol>\n","protected":false},"excerpt":{"rendered":"<p>Generele informationer Reglementet definerer reglerne for brug af hjemmesiden \u201eAdriana&#8217;s New Me \u2013 fitness, food, fun\u201d, som er i form af en blog. Administratoren og operat\u00f8ren af hjemmesiden er grundl\u00e6gger af hjemmesiden, som hedder Adriana. Hjemmesiden d\u00e6kker emnet fysisk aktivitet og ern\u00e6ring, men er ogs\u00e5 et sted, hvor andre interessante indl\u00e6g dukker op. Ethvert indhold, [&hellip;]<\/p>\n","protected":false},"author":1,"featured_media":0,"parent":0,"menu_order":0,"comment_status":"closed","ping_status":"closed","template":"","meta":{"footnotes":""},"class_list":["post-551","page","type-page","status-publish"],"_links":{"self":[{"href":"https:\/\/adrianas-newme.com\/da\/wp-json\/wp\/v2\/pages\/551","targetHints":{"allow":["GET"]}}],"collection":[{"href":"https:\/\/adrianas-newme.com\/da\/wp-json\/wp\/v2\/pages"}],"about":[{"href":"https:\/\/adrianas-newme.com\/da\/wp-json\/wp\/v2\/types\/page"}],"author":[{"embeddable":true,"href":"https:\/\/adrianas-newme.com\/da\/wp-json\/wp\/v2\/users\/1"}],"replies":[{"embeddable":true,"href":"https:\/\/adrianas-newme.com\/da\/wp-json\/wp\/v2\/comments?post=551"}],"version-history":[{"count":2,"href":"https:\/\/adrianas-newme.com\/da\/wp-json\/wp\/v2\/pages\/551\/revisions"}],"predecessor-version":[{"id":567,"href":"https:\/\/adrianas-newme.com\/da\/wp-json\/wp\/v2\/pages\/551\/revisions\/567"}],"wp:attachment":[{"href":"https:\/\/adrianas-newme.com\/da\/wp-json\/wp\/v2\/media?parent=551"}],"curies":[{"name":"wp","href":"https:\/\/api.w.org\/{rel}","templated":true}]}}