{"id":544,"date":"2019-11-27T21:57:33","date_gmt":"2019-11-27T21:57:33","guid":{"rendered":"https:\/\/adrianas-newme.com\/politik-om-beskyttelse-af-personlige-oplysninger\/"},"modified":"2022-08-21T20:58:46","modified_gmt":"2022-08-21T20:58:46","slug":"politik-om-beskyttelse-af-personlige-oplysninger","status":"publish","type":"page","link":"https:\/\/adrianas-newme.com\/da\/politik-om-beskyttelse-af-personlige-oplysninger\/","title":{"rendered":"COOKIES- OG PRIVATLIVSPOLITIK"},"content":{"rendered":"\n<p><strong>Generelt<\/strong><\/p>\n\n\n\n<p>N\u00e5r du bes\u00f8ger&nbsp;min hjemmeside,&nbsp;indsamles der oplysninger om dig, som bruges til at tilpasse og forbedre&nbsp;hjemmesidensindhold. Hvis du ikke \u00f8nsker, at der indsamles oplysninger, b\u00f8r du slette dine cookies (se vejledning) og undlade videre brug af&nbsp;hjemmesiden. Nedenfor har&nbsp;jeg&nbsp;uddybet, hvilke informationer der indsamles, deres form\u00e5l og hvilke tredjeparter, der har adgang til dem.<\/p>\n\n\n\n<p><strong>Cookies<\/strong><\/p>\n\n\n\n<p>Hjemmesiden anvender &#8220;cookies&#8221;, der er en tekstfil, som gemmes p\u00e5 din computer, mobil el. tilsvarende med det form\u00e5l at genkende den, huske indstillinger, udf\u00f8re statistik og m\u00e5lrette annoncer. Cookies kan ikke indeholde skadelig kode som f.eks. virus.<\/p>\n\n\n\n<p>Det er muligt at slette eller blokere for cookies. Se vejledning:&nbsp;<a href=\"http:\/\/minecookies.org\/cookiehandtering\" target=\"_blank\" rel=\"noopener\">http:\/\/minecookies.org\/cookiehandtering<\/a><\/p>\n\n\n\n<p>Hvis du sletter eller blokerer cookies, risikerer du, at hjemmesiden ikke vil fungere optimalt eller angang til del af indholdet ikke vil blive muligt.<\/p>\n\n\n\n<p><strong>Personoplysninger<\/strong><\/p>\n\n\n\n<p>Personoplysninger er alle slags informationer, der i et eller andet omfang kan henf\u00f8res til dig. N\u00e5r du bes\u00f8ger min hjemmeside, indsamles og behandles en r\u00e6kke s\u00e5danne informationer. Det sker f.eks. ved alm. tilgang af indhold, hvis du tilmelder dig e. nyhedsbrev, registrerer dig som bruger, eller \u00f8vrig brug af services, f.eks. at f\u00e5 en kontakt med mig.<\/p>\n\n\n\n<p>Der&nbsp;indsamles&nbsp;og behandles&nbsp;typisk f\u00f8lgende typer af oplysninger:&nbsp;et unikt ID og tekniske oplysninger om din computer, tablet eller mobiltelefon, dit IP-nummer, geografisk placering, samt hvilke sider du klikker p\u00e5 (interesser). I det omfang du selv giver eksplicit samtykke hertil og selv indtaster informationerne behandles desuden:&nbsp;navn og&nbsp;e-mail adresse. Det vil typisk v\u00e6re i forbindelse med oprettelse af login&nbsp;eller ved at modtage et nyhedsbrev.<\/p>\n\n\n\n<p><strong>Form\u00e5l<\/strong><\/p>\n\n\n\n<p>Oplysninger bruges til at identificere dig som bruger&nbsp;at kunne levere de services, du har efterspurgt, som f.eks. at fremsende et nyhedsbrev.&nbsp;Herudover anvendes oplysninger til at optimere services og hjemmesidens indhold.<\/p>\n\n\n\n<p><strong>Sikkerhed<\/strong><strong><\/strong><\/p>\n\n\n\n<p>Personoplysninger behandles sikkert og fortroligt i overenstemmelse med g\u00e6ldende lovgivning,&nbsp;herunder persondataforordningen og databeskyttelsesloven.&nbsp;Alle oplysninger samles og bruges til det form\u00e5l de har p\u00e5 hjemmesiden og vil blive slettet, n\u00e5r dette form\u00e5l er opfyldt elle ikke l\u00e6ngere relevant.<\/p>\n\n\n\n<p><strong>Tidsramme for opbevaring af oplysninger<\/strong><strong><\/strong><\/p>\n\n\n\n<p>Oplysningerne gemmes i den periode, som er tilladt i henhold til lovgivningen. De bliver slettet, n\u00e5r det ikke l\u00e6ngere er n\u00f8dvendigt at opbevare dem. Perioden for opbevaring afh\u00e6nger af oplysningen samt baggrunden for opbevaring \u2013 derfor er det ikke muligt at pr\u00e6cisere periodens generelle l\u00e6ngde.<\/p>\n\n\n\n<p><strong>Videregivelse af oplysninger til trejdeparter<\/strong><strong><\/strong><\/p>\n\n\n\n<p>De oplysninger, der er kendt, videregives til en r\u00e6kke tredjeparter. Disse tredjeparter&nbsp;opbevar og&nbsp;behandler oplysninger p\u00e5 vores vegne og m\u00e5 ikke benytte dem til egne form\u00e5l. Som tidligere n\u00e6vnt vil personoplysninger s\u00e5 som navn eller e-mail, kun videregives, s\u00e5fremt der er givet samtykke til dette.<br>Databehandlere best\u00e5r udelukkende af selskaber i EU eller i lande, som har krav til tilstr\u00e6kkelig beskyttelse af dine oplysninger.<\/p>\n\n\n\n<p><strong>Indsigt i oplysninger og klager<\/strong><strong><\/strong><\/p>\n\n\n\n<p>Det er altid din ret at f\u00e5 oplyst pr\u00e6cis hvile personoplysninger, jeg behandler om dig. Desuden kan du til hver en tid frabede at oplysningerne anvendes. Ydermere kan du f\u00e5 tilbagekaldt dit samtykke til, at oplysninger om dig bliver behandlet. Hvis oplysninger, som m\u00e5tte blive behandlet, er forkerte, har du ret til at f\u00e5 slettet eller rettet disse. Dette sker ved at kontake mig p\u00e5:<\/p>\n\n\n\n<p><strong>kontakt<\/strong><strong>@adrianas-newme.com<\/strong>.<\/p>\n\n\n\n<p>F\u00f8ler du, at min behandling af dine personoplysninger er forkert, og \u00f8nsker du at klage, kan du tage kontakt til&nbsp;<a href=\"http:\/\/www.datatilsynet.dk\/\" target=\"_blank\" rel=\"noopener\">Datatilsynet<\/a>.<\/p>\n\n\n\n<p><strong>Udgiver<\/strong><\/p>\n\n\n\n<p>Hjemmesiden ejes og publiceres af:<\/p>\n\n\n\n<p>Adriana ( Adriana&#8217;s New Me )<\/p>\n\n\n\n<p>email:&nbsp;<a href=\"mailto:kontakt@adrianas-newme.com\">kontakt@adrianas-newme.com<\/a><\/p>\n","protected":false},"excerpt":{"rendered":"<p>Generelt N\u00e5r du bes\u00f8ger&nbsp;min hjemmeside,&nbsp;indsamles der oplysninger om dig, som bruges til at tilpasse og forbedre&nbsp;hjemmesidensindhold. Hvis du ikke \u00f8nsker, at der indsamles oplysninger, b\u00f8r du slette dine cookies (se vejledning) og undlade videre brug af&nbsp;hjemmesiden. Nedenfor har&nbsp;jeg&nbsp;uddybet, hvilke informationer der indsamles, deres form\u00e5l og hvilke tredjeparter, der har adgang til dem. Cookies Hjemmesiden anvender [&hellip;]<\/p>\n","protected":false},"author":1,"featured_media":0,"parent":0,"menu_order":0,"comment_status":"closed","ping_status":"closed","template":"","meta":{"footnotes":""},"class_list":["post-544","page","type-page","status-publish"],"_links":{"self":[{"href":"https:\/\/adrianas-newme.com\/da\/wp-json\/wp\/v2\/pages\/544","targetHints":{"allow":["GET"]}}],"collection":[{"href":"https:\/\/adrianas-newme.com\/da\/wp-json\/wp\/v2\/pages"}],"about":[{"href":"https:\/\/adrianas-newme.com\/da\/wp-json\/wp\/v2\/types\/page"}],"author":[{"embeddable":true,"href":"https:\/\/adrianas-newme.com\/da\/wp-json\/wp\/v2\/users\/1"}],"replies":[{"embeddable":true,"href":"https:\/\/adrianas-newme.com\/da\/wp-json\/wp\/v2\/comments?post=544"}],"version-history":[{"count":4,"href":"https:\/\/adrianas-newme.com\/da\/wp-json\/wp\/v2\/pages\/544\/revisions"}],"predecessor-version":[{"id":585,"href":"https:\/\/adrianas-newme.com\/da\/wp-json\/wp\/v2\/pages\/544\/revisions\/585"}],"wp:attachment":[{"href":"https:\/\/adrianas-newme.com\/da\/wp-json\/wp\/v2\/media?parent=544"}],"curies":[{"name":"wp","href":"https:\/\/api.w.org\/{rel}","templated":true}]}}