{"id":539,"date":"2019-12-16T18:40:39","date_gmt":"2019-12-16T18:40:39","guid":{"rendered":"https:\/\/adrianas-newme.com\/om-mig\/"},"modified":"2023-06-21T07:35:49","modified_gmt":"2023-06-21T07:35:49","slug":"om-mig","status":"publish","type":"page","link":"https:\/\/adrianas-newme.com\/da\/om-mig\/","title":{"rendered":"Om mig"},"content":{"rendered":"\n<div><a href=\"https:\/\/adrianas-newme.com\/wp-content\/uploads\/2021\/12\/O5-mnie-1-1024x715.jpg\" class=\"td-modal-image\"><figure class=\"wp-block-image size-large td-caption-align-https:\/\/adrianas-newme.com\/wp-content\/uploads\/2021\/12\/05-mnie-1-scaled.jpg\"><\/figure><\/a><\/div>\n\n\n\n<figure class=\"wp-block-image size-full is-resized td-caption-align-https:\/\/adrianas-newme.com\/wp-content\/uploads\/2019\/12\/O-mnie-1-scaled.jpg\"><img loading=\"lazy\" decoding=\"async\" src=\"https:\/\/adrianas-newme.com\/wp-content\/uploads\/2021\/12\/2021-11-23-rotated.jpg\" alt=\"\" class=\"wp-image-443\" width=\"230\" height=\"228\"><\/figure>\n\n\n\n<p class=\"dropcapp\"><strong>Hej! Mit navn er Adriana<\/strong>. <strong>Her kan du finde ud af lidt mere om mig og min rejse under v\u00e6gttabet.<\/strong><\/p>\n\n\n\n<p class=\"dropcapp\">Jeg er uddannet skatte\u00f8konom, ern\u00e6ringsr\u00e5dgiver og passioneret tilh\u00e6nger af fysisk aktivitet. Portalen er opfyldelsen af min dr\u00f8m om at have et sted, hvor jeg kan dele mine erfaringer, indsigt og andre godbidder om mad, tr\u00e6ning og hverdagsliv. Jeg vil gerne have, at alle skal kunne finde noget interessant for sig selv her, m\u00e5ske deres egen motivation for en l\u00e6nge ventet forandring, eller m\u00e5ske bare noget, der f\u00e5r dem til at f\u00f8le sig bedre tilpas, g\u00f8r dem muntre og mere optimistiske.<\/p>\n\n\n\n<h2 class=\"wp-block-heading\"><strong>F\u00f8r i tiden var det s\u00e5dan, at jeg skulle g\u00f8re en stor indsats for at bev\u00e6ge mig for at motionere. I dag g\u00e5r der n\u00e6sten ikke en dag, uden at jeg vifter med ben og h\u00e5nd, og en g\u00e5tur er et must i hverdagen.  <\/strong><\/h2>\n\n\n\n<p>Det er vigtigt, at jeg g\u00f8r det, fordi jeg simpelthen nyder det, ikke fordi jeg er tvunget til det. Jeg har l\u00e6rt at spise bevidst, og jeg v\u00e6lger dagligt produkter, som jeg anser for at v\u00e6re sunde, men jeg g\u00e5r ikke til yderligheder. Jeg ved, hvad, hvorn\u00e5r og hvordan jeg skal spise for at have det godt. Jeg har aldrig v\u00e6ret p\u00e5 nogen s\u00e6rlig di\u00e6t. Jeg var simpelthen opsat p\u00e5 at l\u00e6re de rigtige vaner, for det er dem, der g\u00f8r resultaterne varige. Det gjaldt ikke kun ern\u00e6ring og tr\u00e6ning, men ogs\u00e5 andre aspekter af mit liv. I dag ved jeg, at det virker.&nbsp;<\/p>\n\n\n\n<p><strong>NEWME er det nye mig, og det er det, som vi alle kan blive, hvis vi \u00f8nsker det.<\/strong>  Uanset hvad forandringen handler om, kan det v\u00e6re interessant at arbejde p\u00e5 sig selv mod alle odds og give en masse nye oplysninger om os selv. Det er vigtigt, at det meget ofte styrker vores selvtillid og dermed vores selvv\u00e6rd.  &nbsp;<\/p>\n\n\n\n<p>I \u00f8jeblikket er der et forum p\u00e5 portalen, hvor du kan dele dine kommentarer og tanker. Forslag til, hvad du gerne vil have vist p\u00e5 siden, er ogs\u00e5 velkomne.&nbsp;<\/p>\n\n\n\n<p><strong>Jeg h\u00e5ber, at de oplysninger, der er indeholdt her, i det mindste i et lille omfang vil bidrage til, at nogen beslutter sig for at foretage den forandring, de har dr\u00f8mt om.<\/strong>  Jeg vil blive glad, hvis jeg kan hj\u00e6lpe dig med dette.&nbsp;<\/p>\n\n\n\n<p>S\u00e5 jeg opfordrer dig til at l\u00e6se videre og nyde alt det, som portalen tilbyder i dag. Der vil komme nye udviklinger med tiden, som forh\u00e5bentlig vil g\u00f8re tingene endnu mere interessante.<\/p>\n\n\n\n<p>Adriana<\/p>\n","protected":false},"excerpt":{"rendered":"<p>Hej! Mit navn er Adriana. Her kan du finde ud af lidt mere om mig og min rejse under v\u00e6gttabet. Jeg er uddannet skatte\u00f8konom, ern\u00e6ringsr\u00e5dgiver og passioneret tilh\u00e6nger af fysisk aktivitet. Portalen er opfyldelsen af min dr\u00f8m om at have et sted, hvor jeg kan dele mine erfaringer, indsigt og andre godbidder om mad, tr\u00e6ning [&hellip;]<\/p>\n","protected":false},"author":1,"featured_media":528,"parent":0,"menu_order":0,"comment_status":"closed","ping_status":"closed","template":"","meta":{"footnotes":""},"class_list":["post-539","page","type-page","status-publish","has-post-thumbnail"],"_links":{"self":[{"href":"https:\/\/adrianas-newme.com\/da\/wp-json\/wp\/v2\/pages\/539","targetHints":{"allow":["GET"]}}],"collection":[{"href":"https:\/\/adrianas-newme.com\/da\/wp-json\/wp\/v2\/pages"}],"about":[{"href":"https:\/\/adrianas-newme.com\/da\/wp-json\/wp\/v2\/types\/page"}],"author":[{"embeddable":true,"href":"https:\/\/adrianas-newme.com\/da\/wp-json\/wp\/v2\/users\/1"}],"replies":[{"embeddable":true,"href":"https:\/\/adrianas-newme.com\/da\/wp-json\/wp\/v2\/comments?post=539"}],"version-history":[{"count":2,"href":"https:\/\/adrianas-newme.com\/da\/wp-json\/wp\/v2\/pages\/539\/revisions"}],"predecessor-version":[{"id":930,"href":"https:\/\/adrianas-newme.com\/da\/wp-json\/wp\/v2\/pages\/539\/revisions\/930"}],"wp:featuredmedia":[{"embeddable":true,"href":"https:\/\/adrianas-newme.com\/da\/wp-json\/wp\/v2\/media\/528"}],"wp:attachment":[{"href":"https:\/\/adrianas-newme.com\/da\/wp-json\/wp\/v2\/media?parent=539"}],"curies":[{"name":"wp","href":"https:\/\/api.w.org\/{rel}","templated":true}]}}