{"id":157,"date":"2019-11-28T21:34:50","date_gmt":"2019-11-28T21:34:50","guid":{"rendered":"https:\/\/adrianas-newme.com\/community\/"},"modified":"2023-06-26T16:22:42","modified_gmt":"2023-06-26T16:22:42","slug":"forum","status":"publish","type":"page","link":"https:\/\/adrianas-newme.com\/forum\/","title":{"rendered":"Forum dyskusyjne"},"content":{"rendered":"\n\n\n<p>Forum to miejsce, gdzie mo\u017cesz komentowa\u0107 tre\u015bci znajduj\u0105ce si\u0119 na blogu, jak i nawi\u0105za\u0107 kontakt z innymi czytelnikami. Zachowujemy przy tym kultur\u0119 wypowiedzi, nie u\u017cywamy wulgarnych s\u0142\u00f3w, nie obra\u017camy ani nie krytykujemy w spos\u00f3b, kt\u00f3ry m\u00f3g\u0142by sprawi\u0107 komu\u015b przykro\u015b\u0107. B\u0105d\u017amy dla siebie mili i wyrozumiali, wzajemnie si\u0119 przy tym wspieraj\u0105c. Udanych i ciekawych rozm\u00f3w dla wszystkich \ud83d\ude42 <\/p>\n","protected":false},"excerpt":{"rendered":"<p>Forum to miejsce, gdzie mo\u017cesz komentowa\u0107 tre\u015bci znajduj\u0105ce si\u0119 na blogu, jak i nawi\u0105za\u0107 kontakt z innymi czytelnikami. Zachowujemy przy tym kultur\u0119 wypowiedzi, nie u\u017cywamy wulgarnych s\u0142\u00f3w, nie obra\u017camy ani nie krytykujemy w spos\u00f3b, kt\u00f3ry m\u00f3g\u0142by sprawi\u0107 komu\u015b przykro\u015b\u0107. B\u0105d\u017amy dla siebie mili i wyrozumiali, wzajemnie si\u0119 przy tym wspieraj\u0105c. Udanych i ciekawych rozm\u00f3w dla [&hellip;]<\/p>\n","protected":false},"author":1,"featured_media":0,"parent":0,"menu_order":0,"comment_status":"close","ping_status":"close","template":"","meta":{"footnotes":""},"class_list":["post-157","page","type-page","status-publish"],"_links":{"self":[{"href":"https:\/\/adrianas-newme.com\/da\/wp-json\/wp\/v2\/pages\/157","targetHints":{"allow":["GET"]}}],"collection":[{"href":"https:\/\/adrianas-newme.com\/da\/wp-json\/wp\/v2\/pages"}],"about":[{"href":"https:\/\/adrianas-newme.com\/da\/wp-json\/wp\/v2\/types\/page"}],"author":[{"embeddable":true,"href":"https:\/\/adrianas-newme.com\/da\/wp-json\/wp\/v2\/users\/1"}],"replies":[{"embeddable":true,"href":"https:\/\/adrianas-newme.com\/da\/wp-json\/wp\/v2\/comments?post=157"}],"version-history":[{"count":5,"href":"https:\/\/adrianas-newme.com\/da\/wp-json\/wp\/v2\/pages\/157\/revisions"}],"predecessor-version":[{"id":933,"href":"https:\/\/adrianas-newme.com\/da\/wp-json\/wp\/v2\/pages\/157\/revisions\/933"}],"wp:attachment":[{"href":"https:\/\/adrianas-newme.com\/da\/wp-json\/wp\/v2\/media?parent=157"}],"curies":[{"name":"wp","href":"https:\/\/api.w.org\/{rel}","templated":true}]}}